{"id":62,"date":"2021-03-30T14:29:41","date_gmt":"2021-03-30T14:29:41","guid":{"rendered":"https:\/\/www.ocko.info\/?page_id=62"},"modified":"2021-04-07T11:51:46","modified_gmt":"2021-04-07T11:51:46","slug":"kontakt","status":"publish","type":"page","link":"https:\/\/www.ocko.info\/index.php\/kontakt\/","title":{"rendered":"Napi\u0161te n\u00e1m"},"content":{"rendered":"\n<div class=\"wp-block-columns\">\n<div class=\"wp-block-column\">\n<p>V p\u0159\u00edpad\u011b z\u00e1jmu o nav\u00e1z\u00e1n\u00ed spolupr\u00e1ce, nez\u00e1vazn\u00fd dotaz \u010di p\u0159ipom\u00ednku n\u00e1s nev\u00e1hejte kontaktovat pomoc\u00ed formul\u00e1\u0159e nebo n\u00ed\u017ee uveden\u00fdch kontaktn\u00edch \u00fadaj\u016f.<\/p>\n<\/div>\n<\/div>\n\n\n\r\n    <!-- START JS for Form ID: 98 -->\r\n\t<script type=\"text\/javascript\">\r\n\t\tjQuery(document).ready(function($) {\r\n\t\t\t\r\n\t\tjQuery(\"#preloader-mhtpmc\").fadeOut(500, function () {\r\n\t\t\tjQuery(\"#ecf-form-mhtpmc\").fadeIn(300);\r\n\t\t\t});\r\n\t\t\t\r\n\t\t\tLadda.bind('.ladda-button');\r\n\r\n\t\t\t$(function() {\r\n\t\t\t\t\r\n\t\t\t\t\t\t\r\n\t\t\t\t\/\/ Validation\r\n\t\t\t\t$(\"#form-mhtpmc\").validate(\r\n\t\t\t\t{\t\t\t\t\t\r\n\t\t\t\t\t\/\/ Rules for form validation\r\n\t\t\t\t\trules:\r\n\t\t\t\t\t{\r\n\t\t\t\t\tname0:{required: true},email1:{required: true,email: true},text2:{required: true},message3:{required: true,minlength: 10},\r\n\t\t\t\t\t\t\t\r\n\t\t\t\t\t\t\t\t\t\r\n\t\t\t\t\t},\r\n\t\t\t\t\t\t\t\t\t\t\r\n\t\t\t\t\t\/\/ Messages for form validation\r\n\t\t\t\t\tmessages:\r\n\t\t\t\t\t{\r\n\t\t\t\t\tname0:{required: \"Povinn\u00e9 pole\"},email1:{required: \"Povinn\u00e9 pole\"},text2:{required: \"Povinn\u00e9 pole\"},message3:{required: \"Povinn\u00e9 pole\"}\t\t\t\t\t},\t\t\t\t\t\r\n\t\t\t\t\t\/\/ Do not change code below\r\n\t\t\t\t\terrorPlacement: function(error, element) {\r\n\t\t\t\t\t\terror.insertAfter(element.parent());\r\n\t\t\t\t\t\t},\r\n\t\t\t\t\t\t\r\n\t\t\t\t\tsubmitHandler: function (form) {\r\n\t\t\t\t\t\t\t\t\t\t ecf_onsubmit(jQuery('.form-mhtpmc'));\r\n\t\t\t\t\t\t \r\n\t\t\t\t\t\t \t\t\t\t\t\t \r\n\t\t\t\t\t\t },\r\n\t\t\t\t\t\t \r\n\t\t\t\t\tinvalidHandler: function (form) {\t\r\n\t\t\t\t\t\tLadda.stopAll();\r\n\t\t\t\t\t \t},\r\n\t\t\t\t\t\t \r\n\t\t\t\t\tonkeyup: false,\r\n\t\t\t\t\tonfocusout: false,\r\n\t\t\t\t\tonclick: false\r\n\t\t\t\t\t\r\n\t\t\t\t});\r\n\t\t\t});\t\r\n\t\t\t\r\n\t\t\t\r\n\t\t\t\/* Form Submit ( Ajax ) *\/\r\n\t\t\tfunction ecf_onsubmit(form){\t\r\n\r\n\t\t\t\tif(form.attr('action')=='#'){\r\n\t\t\t\t\t\r\n\t\t\t\t\tdata = {};\r\n\t\t\t\t\teldat = [];\r\n\t\t\t\t\tdata['action'] = 'ecf_deliver_mail';\r\n\t\t\t\t\tdata['formid'] = '98';\r\n\t\t\t\t\tdata['security'] = '64add28a31';\r\n\t\t\r\n\t\t\r\n\t\t\t\t\t\t\r\n\t\t\t\t\tjQuery('input, textarea', form).each(function(key){\r\n\t\t\t\t\t\t\r\n\t\t\t\t\t\titems = {};\r\n\t\t\t\t\t\t\r\n\t\t\t\t\t\tif (typeof $(this).data('type') === 'undefined') { return true; }\r\n\t\t\t\t\t\t\r\n\r\n\t\t\t\t\t\t\r\n\t\t\t\t\t\titems['type'] = $(this).data('type');\r\n\t\t\t\t\t\titems['label'] = $(this).data('label');\r\n\t\t\t\t\t\titems['value'] = this.value;\r\n\t\t\t\t\t\titems['name'] = this.name;\r\n\r\n\t\t\t\t\t\teldat.push(items);\r\n\t\t\t\t\t\t\t\r\n\t\t\t\t\t\t}); \/\/ END  form).each(function(key){\r\n\t\t\t\t\t\t\t\r\n\r\n\t\t\t\t\t\t\t\t\t\t\t\t\t\r\n\r\n\t\t\t\t\t\tdata['allelmnt'] = JSON.stringify(eldat);\r\n\r\n\t\t\t\t\t\tsubmitForm();\r\n\t\t\t\t\r\n\t\t\t\t\treturn false;\r\n\t\t\t\t\t\r\n\t\t\t\t} \/\/ End if(form.attr('action')=='#'){\r\n\t\t\t\t\r\n\t\t\t} \/\/ End ecf_onsubmit \r\n\t\t\t\r\n\t\t\t\/\/ Start submitForm\t\t\r\n\t\t\t  function submitForm() {\r\n\t\t\t\t  \r\n\t\t\t\tjQuery.ajax({\r\n\t\t\t\t\turl: 'https:\/\/www.ocko.info\/wp-admin\/admin-ajax.php', \r\n\t\t\t\t\ttype: 'POST',\r\n\t\t\t\t\tdataType: 'json',\r\n\t\t\t\t\tdata: data, \r\n\t\t\t\t\tsuccess: function(data) {\r\n\t\t\t\t\r\n\t\t\t\t\t\tif(data.Ok==true) {\r\n\t\t\t\t\t\t\t\t\t\/\/ success\r\n\t\t\t\t\t\t\t$(\"#form-mhtpmc\").get(0).reset();\t\r\n\t\t\t\t\t\t\t\t\r\n\t\t\t\t\t\t\tif(data.msg == 'redirect') {\r\n\t\t\t\t\t\t\t\twindow.location = \"http:\/\/\";\r\n\t\t\t\t\t\t\t\t} else {\r\n\t\t\t\t\t\t\t\t\tnotifyme('Va\u0161e zpr\u00e1va byla \u00fasp\u011b\u0161n\u011b odesl\u00e1na', 'n', 'success', 'left middle');\r\n\t\t\t\t\t\t\t\t\t}\r\n\t\t\r\n\t\t\t\t\t\t\t}\r\n\t\t\t\t\t\t\telse {\r\n\t\t\t\t\t\t\t\t$(\"#form-mhtpmc\").get(0).reset();\r\n\t\t\t\t\t\t\t\tnotifyme(data.msg, 'n', 'error', 'left middle');\r\n\t\t\t\t\t\t\t\t}\r\n\t\t\t\t\t\t\t\t\r\n\t\t\t\t\t\t\tLadda.stopAll();\r\n\t\t\t\t\t\t\t\t\t\r\n\t\t\t\t\t\t\t}\r\n\t\t\t\t\t\t});\r\n\t\t\t\t\t\t\r\n\t\t\t\t\t\t\t\t\t\t\r\n\t\t\t\t\t} \/\/ End submitForm\r\n\t\r\n\t\t\t\t\t\r\n\t\t\t\/\/ Notify\t\r\n\t\t\t  function notifyme(msg, b, typ, pos) {\r\n\t\t\t\t  if (b == 'n') {\r\n\t\t\t\t\t  b = 'cf-submittedmhtpmc';\r\n\t\t\t\t  } else {\r\n\t\t\t\t\t b = 'atcmhtpmc';\r\n\t\t\t\t  }\r\n\t\t\t\t  \r\n\t\t\t\t  $(\"#\"+b).gnotify(msg,{\r\n\t\t\t\t\t  style: \"nbootstrap\",\r\n\t\t\t\t\t  elementPosition: pos,\r\n\t\t\t\t\t  className: typ\r\n\t\t\t\t\t  });\r\n\t\t\t\t\t  \r\n\t\t\t\t\t  msg = null;\r\n\t\t\t\t\t  typ = null;\r\n\t\t\t\t\t  \r\n\t\t\t\t\t}\r\n\r\n\t\t});\t\t\r\n\t\t<\/script>\r\n    <!-- END JS for Form ID: 98 -->\r\n    \r\n    \r\n    \t\r\n    \r\n<!-- START Form Markup for Form ID: 98 -->\r\n<div id=\"preloader-mhtpmc\" class=\"ecfpreloader\"><\/div>   \r\n    <div id=\"ecf-form-mhtpmc\" class=\"ecf-body\" style=\"display:none;\">\t\t\t\t\t\r\n\t\t<form method=\"post\" enctype=\"multipart\/form-data\" action=\"#\" id=\"form-mhtpmc\" class=\"ecf-form form-mhtpmc\">\r\n        \t    \t\t<fieldset>\t\r\n    <section><label class=\"label\">Jm\u00e9no<\/label><label class=\"input\"><input data-type=\"name\" data-label=\"Jm\u00e9no\" id=\"name0\" type=\"text\" name=\"name0\" \/><\/label><\/section><section><label class=\"label\">E-mail<\/label><label class=\"input\"><input data-type=\"email\" data-label=\"E-mail\" id=\"email1\" type=\"text\" name=\"email1\" \/><\/label><\/section><section><label class=\"label\">P\u0159edm\u011bt<\/label><label class=\"input\"><input data-type=\"text\" data-label=\"P\u0159edm\u011bt\" id=\"text2\" type=\"text\" name=\"text2\" \/><\/label><\/section><section><label class=\"label\">Zpr\u00e1va<\/label><label class=\"textarea\"><textarea data-type=\"message\" data-label=\"Zpr\u00e1va\" id=\"message3\" name=\"message3\" rows=\"7\" ><\/textarea><\/label><\/section>      \r\n        \r\n\t\t\t\t        \r\n         \r\n       \t\t <\/fieldset>\r\n        \t\t<footer>\r\n                    <button data-style=\"slide-down\" id=\"cf-submittedmhtpmc\" class=\"ecfbutton ladda-button\" type=\"submit\" name=\"cf-submittedmhtpmc\"><span class=\"ladda-label\">SEND<\/span><\/button> \r\n\t\t\t\t<\/footer>\r\n\t\t\t<\/form>\r\n            \r\n                        \r\n            <\/div>  \r\n<!-- END Form Markup for Form ID: 98 -->\r\n\t\t\t\r\n\t\r\n","protected":false},"excerpt":{"rendered":"<p>V p\u0159\u00edpad\u011b z\u00e1jmu o nav\u00e1z\u00e1n\u00ed spolupr\u00e1ce, nez\u00e1vazn\u00fd dotaz \u010di p\u0159ipom\u00ednku n\u00e1s nev\u00e1hejte kontaktovat pomoc\u00ed formul\u00e1\u0159e nebo n\u00ed\u017ee uveden\u00fdch kontaktn\u00edch \u00fadaj\u016f.<\/p>\n","protected":false},"author":1,"featured_media":0,"parent":0,"menu_order":0,"comment_status":"closed","ping_status":"closed","template":"","meta":[],"_links":{"self":[{"href":"https:\/\/www.ocko.info\/index.php\/wp-json\/wp\/v2\/pages\/62"}],"collection":[{"href":"https:\/\/www.ocko.info\/index.php\/wp-json\/wp\/v2\/pages"}],"about":[{"href":"https:\/\/www.ocko.info\/index.php\/wp-json\/wp\/v2\/types\/page"}],"author":[{"embeddable":true,"href":"https:\/\/www.ocko.info\/index.php\/wp-json\/wp\/v2\/users\/1"}],"replies":[{"embeddable":true,"href":"https:\/\/www.ocko.info\/index.php\/wp-json\/wp\/v2\/comments?post=62"}],"version-history":[{"count":6,"href":"https:\/\/www.ocko.info\/index.php\/wp-json\/wp\/v2\/pages\/62\/revisions"}],"predecessor-version":[{"id":105,"href":"https:\/\/www.ocko.info\/index.php\/wp-json\/wp\/v2\/pages\/62\/revisions\/105"}],"wp:attachment":[{"href":"https:\/\/www.ocko.info\/index.php\/wp-json\/wp\/v2\/media?parent=62"}],"curies":[{"name":"wp","href":"https:\/\/api.w.org\/{rel}","templated":true}]}}