{"id":60,"date":"2021-03-30T14:29:41","date_gmt":"2021-03-30T14:29:41","guid":{"rendered":"https:\/\/www.ocko.info\/?page_id=60"},"modified":"2021-04-07T12:32:23","modified_gmt":"2021-04-07T12:32:23","slug":"domu","status":"publish","type":"page","link":"https:\/\/www.ocko.info\/","title":{"rendered":""},"content":{"rendered":"\n<p>V oblasti IT a dod\u00e1vky softwarov\u00fdch \u0159e\u0161en\u00ed se pohybuji od roku 1998. za\u010d\u00ednal jsem na pozici webdesignera a v\u00fdvoj\u00e1\u0159e webov\u00fdch aplikac\u00ed a e-shop\u016f, postupn\u011b jsem se v\u0161ak p\u0159es pozici IT managera ve velk\u00e9 mezin\u00e1rodn\u00ed spole\u010dnosti s miliardov\u00fdmi obraty a pozici Projektov\u00e9ho mana\u017eera a Team Leadra implementa\u010dn\u00edch t\u00fdm\u016f dostal a\u017e k roli \u0159editele ITS Delivery divize ve velk\u00e9 nadn\u00e1rodn\u00ed spole\u010dnosti s n\u011bkolika des\u00edtkami pod\u0159\u00edzen\u00fdch. <\/p>\n\n\n\n<p>P\u0159esto, \u017ee jsem se pohyboval v pozic\u00edch na \u00farovni st\u0159edn\u00edho a vy\u0161\u0161\u00edho managementu, v\u017edy jsem si zachoval bl\u00edzk\u00fd odborn\u00fd kontakt se z\u00e1kazn\u00edkem a udr\u017eoval a rozv\u00edjel sv\u00e9 kompetence v pozici konzultanta a analytika v oblasti DMS, procesn\u00edho \u0159\u00edzen\u00ed a konzultanta v oblasti Business Intelligence. M\u00e1m za sebou tak\u00e9 \u00fasp\u011b\u0161n\u011b dokon\u010den\u00e9 projekty v pozici Project Managera.<\/p>\n\n\n\n<p>Jsem tedy p\u0159ipraven nab\u00eddnout sv\u00e9 slu\u017eby jak v pozici analytika, architekta \u0159e\u0161en\u00ed pro oblast dokumentov\u00fdch syst\u00e9m\u016f, business process managementu a business intellligence, stejn\u011b tak v pozici projektov\u00e9ho mana\u017eera.<\/p>\n\n\n\n<p>Pokud m\u00e1te z\u00e1jem o bli\u017e\u0161\u00ed informace k mo\u017en\u00e9 spolupr\u00e1ci, nev\u00e1hejte mn\u011b kontaktovat p\u0159es kontaktn\u00ed formul\u00e1\u0159, \u010di nap\u0159\u00edmo.<\/p>\n\n\n\n<p><\/p>\n","protected":false},"excerpt":{"rendered":"<p>V oblasti IT a dod\u00e1vky softwarov\u00fdch \u0159e\u0161en\u00ed se pohybuji od roku 1998. za\u010d\u00ednal jsem na pozici webdesignera a v\u00fdvoj\u00e1\u0159e webov\u00fdch aplikac\u00ed a e-shop\u016f, postupn\u011b jsem se v\u0161ak p\u0159es pozici IT managera ve velk\u00e9 mezin\u00e1rodn\u00ed spole\u010dnosti s miliardov\u00fdmi obraty a pozici Projektov\u00e9ho mana\u017eera a Team Leadra implementa\u010dn\u00edch t\u00fdm\u016f dostal a\u017e k roli \u0159editele ITS Delivery divize &hellip; <\/p>\n<p class=\"link-more\"><a href=\"https:\/\/www.ocko.info\/\" class=\"more-link\">Pokra\u010dovat ve \u010dten\u00ed<span class=\"screen-reader-text\"> &#8222;&#8220;<\/span><\/a><\/p>\n","protected":false},"author":1,"featured_media":0,"parent":0,"menu_order":0,"comment_status":"closed","ping_status":"closed","template":"","meta":[],"_links":{"self":[{"href":"https:\/\/www.ocko.info\/index.php\/wp-json\/wp\/v2\/pages\/60"}],"collection":[{"href":"https:\/\/www.ocko.info\/index.php\/wp-json\/wp\/v2\/pages"}],"about":[{"href":"https:\/\/www.ocko.info\/index.php\/wp-json\/wp\/v2\/types\/page"}],"author":[{"embeddable":true,"href":"https:\/\/www.ocko.info\/index.php\/wp-json\/wp\/v2\/users\/1"}],"replies":[{"embeddable":true,"href":"https:\/\/www.ocko.info\/index.php\/wp-json\/wp\/v2\/comments?post=60"}],"version-history":[{"count":3,"href":"https:\/\/www.ocko.info\/index.php\/wp-json\/wp\/v2\/pages\/60\/revisions"}],"predecessor-version":[{"id":108,"href":"https:\/\/www.ocko.info\/index.php\/wp-json\/wp\/v2\/pages\/60\/revisions\/108"}],"wp:attachment":[{"href":"https:\/\/www.ocko.info\/index.php\/wp-json\/wp\/v2\/media?parent=60"}],"curies":[{"name":"wp","href":"https:\/\/api.w.org\/{rel}","templated":true}]}}